{"id":3102,"date":"2026-04-20T19:21:49","date_gmt":"2026-04-20T19:21:49","guid":{"rendered":"https:\/\/malumi.shop\/product\/christian-leather-travel-bag-amen-cross-design-weekender\/"},"modified":"2026-04-22T13:47:48","modified_gmt":"2026-04-22T13:47:48","slug":"leather-travel-bag-amen","status":"publish","type":"product","link":"https:\/\/malumi.shop\/en\/product\/leather-travel-bag-amen\/","title":{"rendered":"BAGS \u2013 FAITH YOU CAN WEAR, AMEN"},"content":{"rendered":"<p>Reisetasche aus hochwertigem PU-Leder f\u00fcr Alltag und Reisen.<\/p>\n<p>Geeignet f\u00fcr Essentials und Reisegep\u00e4ck.<\/p>\n<p>Ein grosses Hauptfach bietet Platz f\u00fcr Laptop, Bibel und Kleidung und h\u00e4lt alles zentral organisiert.<\/p>\n<p>Die Tasche ist leicht konstruiert und f\u00fcr Handgep\u00e4ck geeignet, passend f\u00fcr Sitzbereich oder Gep\u00e4ckfach.<\/p>\n<p>Glattes, hochwertiges PU-Leder mit sauberer schwarzer Einfassung und schwarzen Tragegriffen.<\/p>\n<p>Print auf dem Produkt. Ausgestattet mit stabilen Tragegriffen oben und einem verstellbaren Schultergurt mit Metallclips.<\/p>\n<p>Zwei Gr\u00f6ssen: 24 x 53 cm und 20 x 48 cm.<\/p>\n<p>&nbsp;<\/p>\n<p>Material &amp; Qualit\u00e4t:<\/p>\n<p>Glattes, formstabiles PU-Leder f\u00fcr regelm\u00e4ssige Nutzung.<\/p>\n<p>&nbsp;<\/p>\n<p>Pflegehinweise:<\/p>\n<p>Mit einem weichen, sauberen, trockenen Tuch abwischen. Keine scheuernden Materialien oder aggressiven Reiniger verwenden. Bei Bedarf mit milder Seife und Wasser reinigen und vollst\u00e4ndig trocknen lassen, um Wasserflecken zu vermeiden.<\/p>\n<p>&nbsp;<\/p>\n<p>Produktsicherheit:<\/p>\n<p>EU-Vertreter: HONSON VENTURES LIMITED, gpsr@honsonventures.com, 3, Gnaftis House flat 102, Limassol, Mesa Geitonia, 4003, Zypern<\/p>\n<p>Produktinformationen: Reisetasche aus hochwertigem PU-Leder, zwei Gr\u00f6ssen verf\u00fcgbar<\/p>","protected":false},"excerpt":{"rendered":"<p>Reisetasche aus hochwertigem PU-Leder f\u00fcr Alltag und Reisen. Geeignet f\u00fcr Essentials und Reisegep\u00e4ck. Ein grosses Hauptfach bietet Platz f\u00fcr Laptop, Bibel und Kleidung und h\u00e4lt alles zentral organisiert. Die Tasche ist leicht konstruiert und f\u00fcr Handgep\u00e4ck geeignet, passend f\u00fcr Sitzbereich oder Gep\u00e4ckfach. Glattes, hochwertiges PU-Leder mit sauberer schwarzer Einfassung und schwarzen Tragegriffen. Print auf dem [&hellip;]<\/p>\n","protected":false},"featured_media":3106,"comment_status":"open","ping_status":"closed","template":"","meta":{"om_disable_all_campaigns":false,"_uag_custom_page_level_css":"","_monsterinsights_skip_tracking":false,"_monsterinsights_sitenote_active":false,"_monsterinsights_sitenote_note":"","_monsterinsights_sitenote_category":0,"site-sidebar-layout":"default","site-content-layout":"","ast-site-content-layout":"default","site-content-style":"default","site-sidebar-style":"default","ast-global-header-display":"","ast-banner-title-visibility":"","ast-main-header-display":"","ast-hfb-above-header-display":"","ast-hfb-below-header-display":"","ast-hfb-mobile-header-display":"","site-post-title":"","ast-breadcrumbs-content":"","ast-featured-img":"","footer-sml-layout":"","ast-disable-related-posts":"","theme-transparent-header-meta":"default","adv-header-id-meta":"","stick-header-meta":"","header-above-stick-meta":"","header-main-stick-meta":"","header-below-stick-meta":"","astra-migrate-meta-layouts":"set","ast-page-background-enabled":"default","ast-page-background-meta":{"desktop":{"background-color":"var(--ast-global-color-4)","background-image":"","background-repeat":"repeat","background-position":"center center","background-size":"auto","background-attachment":"scroll","background-type":"","background-media":"","overlay-type":"","overlay-color":"","overlay-opacity":"","overlay-gradient":""},"tablet":{"background-color":"","background-image":"","background-repeat":"repeat","background-position":"center center","background-size":"auto","background-attachment":"scroll","background-type":"","background-media":"","overlay-type":"","overlay-color":"","overlay-opacity":"","overlay-gradient":""},"mobile":{"background-color":"","background-image":"","background-repeat":"repeat","background-position":"center center","background-size":"auto","background-attachment":"scroll","background-type":"","background-media":"","overlay-type":"","overlay-color":"","overlay-opacity":"","overlay-gradient":""}},"ast-content-background-meta":{"desktop":{"background-color":"var(--ast-global-color-5)","background-image":"","background-repeat":"repeat","background-position":"center center","background-size":"auto","background-attachment":"scroll","background-type":"","background-media":"","overlay-type":"","overlay-color":"","overlay-opacity":"","overlay-gradient":""},"tablet":{"background-color":"var(--ast-global-color-5)","background-image":"","background-repeat":"repeat","background-position":"center center","background-size":"auto","background-attachment":"scroll","background-type":"","background-media":"","overlay-type":"","overlay-color":"","overlay-opacity":"","overlay-gradient":""},"mobile":{"background-color":"var(--ast-global-color-5)","background-image":"","background-repeat":"repeat","background-position":"center center","background-size":"auto","background-attachment":"scroll","background-type":"","background-media":"","overlay-type":"","overlay-color":"","overlay-opacity":"","overlay-gradient":""}}},"product_brand":[],"product_cat":[15,25,32],"product_tag":[],"class_list":{"0":"post-3102","1":"product","2":"type-product","3":"status-publish","4":"has-post-thumbnail","6":"product_cat-geschenke","7":"product_cat-shop","8":"product_cat-taschen","9":"desktop-align-left","10":"tablet-align-left","11":"mobile-align-left","13":"first","14":"instock","15":"shipping-taxable","16":"purchasable","17":"product-type-variable","18":"has-default-attributes"},"aioseo_notices":[],"uagb_featured_image_src":{"full":["https:\/\/malumi.shop\/wp-content\/uploads\/2026\/04\/14675413858900542656_2048.jpeg",2048,2048,false],"thumbnail":["https:\/\/malumi.shop\/wp-content\/uploads\/2026\/04\/14675413858900542656_2048-150x150.jpeg",150,150,true],"medium":["https:\/\/malumi.shop\/wp-content\/uploads\/2026\/04\/14675413858900542656_2048-300x300.jpeg",300,300,true],"medium_large":["https:\/\/malumi.shop\/wp-content\/uploads\/2026\/04\/14675413858900542656_2048-768x768.jpeg",768,768,true],"large":["https:\/\/malumi.shop\/wp-content\/uploads\/2026\/04\/14675413858900542656_2048-1024x1024.jpeg",1024,1024,true],"1536x1536":["https:\/\/malumi.shop\/wp-content\/uploads\/2026\/04\/14675413858900542656_2048-1536x1536.jpeg",1536,1536,true],"2048x2048":["https:\/\/malumi.shop\/wp-content\/uploads\/2026\/04\/14675413858900542656_2048.jpeg",2048,2048,false],"trp-custom-language-flag":["https:\/\/malumi.shop\/wp-content\/uploads\/2026\/04\/14675413858900542656_2048.jpeg",12,12,false],"woocommerce_thumbnail":["https:\/\/malumi.shop\/wp-content\/uploads\/2026\/04\/14675413858900542656_2048-300x300.jpeg",300,300,true],"woocommerce_single":["https:\/\/malumi.shop\/wp-content\/uploads\/2026\/04\/14675413858900542656_2048-600x600.jpeg",600,600,true],"woocommerce_gallery_thumbnail":["https:\/\/malumi.shop\/wp-content\/uploads\/2026\/04\/14675413858900542656_2048-100x100.jpeg",100,100,true]},"uagb_author_info":{"display_name":"fleet.susan@icloud.com","author_link":"https:\/\/malumi.shop\/en\/author\/"},"uagb_comment_info":0,"uagb_excerpt":"Reisetasche aus hochwertigem PU-Leder f\u00fcr Alltag und Reisen. Geeignet f\u00fcr Essentials und Reisegep\u00e4ck. Ein grosses Hauptfach bietet Platz f\u00fcr Laptop, Bibel und Kleidung und h\u00e4lt alles zentral organisiert. Die Tasche ist leicht konstruiert und f\u00fcr Handgep\u00e4ck geeignet, passend f\u00fcr Sitzbereich oder Gep\u00e4ckfach. Glattes, hochwertiges PU-Leder mit sauberer schwarzer Einfassung und schwarzen Tragegriffen. Print auf dem&hellip;","_links":{"self":[{"href":"https:\/\/malumi.shop\/en\/wp-json\/wp\/v2\/product\/3102","targetHints":{"allow":["GET"]}}],"collection":[{"href":"https:\/\/malumi.shop\/en\/wp-json\/wp\/v2\/product"}],"about":[{"href":"https:\/\/malumi.shop\/en\/wp-json\/wp\/v2\/types\/product"}],"replies":[{"embeddable":true,"href":"https:\/\/malumi.shop\/en\/wp-json\/wp\/v2\/comments?post=3102"}],"wp:featuredmedia":[{"embeddable":true,"href":"https:\/\/malumi.shop\/en\/wp-json\/wp\/v2\/media\/3106"}],"wp:attachment":[{"href":"https:\/\/malumi.shop\/en\/wp-json\/wp\/v2\/media?parent=3102"}],"wp:term":[{"taxonomy":"product_brand","embeddable":true,"href":"https:\/\/malumi.shop\/en\/wp-json\/wp\/v2\/product_brand?post=3102"},{"taxonomy":"product_cat","embeddable":true,"href":"https:\/\/malumi.shop\/en\/wp-json\/wp\/v2\/product_cat?post=3102"},{"taxonomy":"product_tag","embeddable":true,"href":"https:\/\/malumi.shop\/en\/wp-json\/wp\/v2\/product_tag?post=3102"}],"curies":[{"name":"wp","href":"https:\/\/api.w.org\/{rel}","templated":true}]}}