{"id":1997,"date":"2026-04-12T13:28:49","date_gmt":"2026-04-12T13:28:49","guid":{"rendered":"https:\/\/malumi.shop\/?page_id=1997"},"modified":"2026-04-12T15:17:32","modified_gmt":"2026-04-12T15:17:32","slug":"psalm-chosen","status":"publish","type":"page","link":"https:\/\/malumi.shop\/en\/psalm-chosen\/","title":{"rendered":"Psalm Chosen"},"content":{"rendered":"<div class=\"wp-block-uagb-container uagb-block-74aa807e alignfull uagb-is-root-container\"><div class=\"uagb-container-inner-blocks-wrap\"><\/div><\/div>\n\n\n\n<div class=\"wp-block-uagb-container uagb-block-d0b0981a alignfull uagb-is-root-container\"><div class=\"uagb-container-inner-blocks-wrap\"><\/div><\/div>\n\n\n\n<div class=\"wp-block-uagb-advanced-heading uagb-block-6903ccf0\"><h2 class=\"uagb-heading-text\">CHOSEN<br>Psalm 139,13\u201314<\/h2><\/div>\n\n\n\n<div style=\"height:100px\" aria-hidden=\"true\" class=\"wp-block-spacer\"><\/div>\n\n\n\n<div class=\"wp-block-uagb-container uagb-block-9a4bcb84 alignfull uagb-is-root-container\"><div class=\"uagb-container-inner-blocks-wrap\">\n<div class=\"wp-block-uagb-container uagb-block-612ce1c5\">\n<pre class=\"wp-block-verse has-ast-global-color-0-color has-ast-global-color-4-background-color has-text-color has-background has-link-color wp-elements-d9960635edebd51bf90dec72bb51fcb2\" style=\"font-size:18px;font-style:normal;font-weight:300;text-transform:uppercase\">Du hast mein Innerstes geschaffen.<br>Du hast mich gebildet.<br>Ich danke dir daf\u00fcr, dass ich wunderbar gemacht bin.<br>Wunderbar sind deine Werke, und das erkennt meine Seele.<br><br><strong>Bedeutung<\/strong><br>Psalm 139 ist ein Psalm \u00fcber Identit\u00e4t, W\u00fcrde und Gewolltsein. Er spricht davon, dass du nicht zuf\u00e4llig bist. Nicht \u00fcbersehen. Nicht irgendwie entstanden und dann sich selbst \u00fcberlassen. Dieser Psalm sagt: Du bist bewusst gemacht, gesehen und von Anfang an gemeint.<br><br><strong>Was es f\u00fcr dich bedeutet<\/strong><br>Wenn du an dir zweifelst, dich vergleichst oder dich fragst, ob du genug bist, setzt dieser Psalm genau dort an. Dein Wert beginnt nicht bei Leistung, Wirkung oder Best\u00e4tigung von aussen. Dein Wert beginnt viel tiefer. Du bist nicht erst dann wertvoll, wenn du etwas beweist. Du bist gewollt.<\/pre>\n<\/div>\n<\/div><\/div>","protected":false},"excerpt":{"rendered":"<p>CHOSENPsalm 139,13\u201314 Du hast mein Innerstes geschaffen.Du hast mich gebildet.Ich danke dir daf\u00fcr, dass ich wunderbar gemacht bin.Wunderbar sind deine Werke, und das erkennt meine Seele.BedeutungPsalm 139 ist ein Psalm \u00fcber Identit\u00e4t, W\u00fcrde und Gewolltsein. Er spricht davon, dass du nicht zuf\u00e4llig bist. Nicht \u00fcbersehen. Nicht irgendwie entstanden und dann sich selbst \u00fcberlassen. Dieser Psalm [&hellip;]<\/p>\n","protected":false},"author":1,"featured_media":0,"parent":0,"menu_order":0,"comment_status":"closed","ping_status":"closed","template":"","meta":{"om_disable_all_campaigns":false,"_uag_custom_page_level_css":"","_monsterinsights_skip_tracking":false,"_monsterinsights_sitenote_active":false,"_monsterinsights_sitenote_note":"","_monsterinsights_sitenote_category":0,"site-sidebar-layout":"default","site-content-layout":"","ast-site-content-layout":"default","site-content-style":"default","site-sidebar-style":"default","ast-global-header-display":"","ast-banner-title-visibility":"","ast-main-header-display":"","ast-hfb-above-header-display":"","ast-hfb-below-header-display":"","ast-hfb-mobile-header-display":"","site-post-title":"disabled","ast-breadcrumbs-content":"","ast-featured-img":"","footer-sml-layout":"","ast-disable-related-posts":"","theme-transparent-header-meta":"","adv-header-id-meta":"","stick-header-meta":"","header-above-stick-meta":"","header-main-stick-meta":"","header-below-stick-meta":"","astra-migrate-meta-layouts":"set","ast-page-background-enabled":"default","ast-page-background-meta":{"desktop":{"background-color":"var(--ast-global-color-4)","background-image":"","background-repeat":"repeat","background-position":"center center","background-size":"auto","background-attachment":"scroll","background-type":"","background-media":"","overlay-type":"","overlay-color":"","overlay-opacity":"","overlay-gradient":""},"tablet":{"background-color":"","background-image":"","background-repeat":"repeat","background-position":"center center","background-size":"auto","background-attachment":"scroll","background-type":"","background-media":"","overlay-type":"","overlay-color":"","overlay-opacity":"","overlay-gradient":""},"mobile":{"background-color":"","background-image":"","background-repeat":"repeat","background-position":"center center","background-size":"auto","background-attachment":"scroll","background-type":"","background-media":"","overlay-type":"","overlay-color":"","overlay-opacity":"","overlay-gradient":""}},"ast-content-background-meta":{"desktop":{"background-color":"var(--ast-global-color-5)","background-image":"","background-repeat":"repeat","background-position":"center center","background-size":"auto","background-attachment":"scroll","background-type":"","background-media":"","overlay-type":"","overlay-color":"","overlay-opacity":"","overlay-gradient":""},"tablet":{"background-color":"var(--ast-global-color-5)","background-image":"","background-repeat":"repeat","background-position":"center center","background-size":"auto","background-attachment":"scroll","background-type":"","background-media":"","overlay-type":"","overlay-color":"","overlay-opacity":"","overlay-gradient":""},"mobile":{"background-color":"var(--ast-global-color-5)","background-image":"","background-repeat":"repeat","background-position":"center center","background-size":"auto","background-attachment":"scroll","background-type":"","background-media":"","overlay-type":"","overlay-color":"","overlay-opacity":"","overlay-gradient":""}},"footnotes":""},"class_list":["post-1997","page","type-page","status-publish","hentry"],"aioseo_notices":[],"_hostinger_reach_plugin_has_subscription_block":false,"_hostinger_reach_plugin_is_elementor":false,"uagb_featured_image_src":{"full":false,"thumbnail":false,"medium":false,"medium_large":false,"large":false,"1536x1536":false,"2048x2048":false,"trp-custom-language-flag":false,"woocommerce_thumbnail":false,"woocommerce_single":false,"woocommerce_gallery_thumbnail":false},"uagb_author_info":{"display_name":"fleet.susan@icloud.com","author_link":"https:\/\/malumi.shop\/en\/author\/fleet-susanicloud-com\/"},"uagb_comment_info":0,"uagb_excerpt":"CHOSENPsalm 139,13\u201314 Du hast mein Innerstes geschaffen.Du hast mich gebildet.Ich danke dir daf\u00fcr, dass ich wunderbar gemacht bin.Wunderbar sind deine Werke, und das erkennt meine Seele.BedeutungPsalm 139 ist ein Psalm \u00fcber Identit\u00e4t, W\u00fcrde und Gewolltsein. Er spricht davon, dass du nicht zuf\u00e4llig bist. Nicht \u00fcbersehen. Nicht irgendwie entstanden und dann sich selbst \u00fcberlassen. Dieser Psalm&hellip;","_links":{"self":[{"href":"https:\/\/malumi.shop\/en\/wp-json\/wp\/v2\/pages\/1997","targetHints":{"allow":["GET"]}}],"collection":[{"href":"https:\/\/malumi.shop\/en\/wp-json\/wp\/v2\/pages"}],"about":[{"href":"https:\/\/malumi.shop\/en\/wp-json\/wp\/v2\/types\/page"}],"author":[{"embeddable":true,"href":"https:\/\/malumi.shop\/en\/wp-json\/wp\/v2\/users\/1"}],"replies":[{"embeddable":true,"href":"https:\/\/malumi.shop\/en\/wp-json\/wp\/v2\/comments?post=1997"}],"version-history":[{"count":3,"href":"https:\/\/malumi.shop\/en\/wp-json\/wp\/v2\/pages\/1997\/revisions"}],"predecessor-version":[{"id":2074,"href":"https:\/\/malumi.shop\/en\/wp-json\/wp\/v2\/pages\/1997\/revisions\/2074"}],"wp:attachment":[{"href":"https:\/\/malumi.shop\/en\/wp-json\/wp\/v2\/media?parent=1997"}],"curies":[{"name":"wp","href":"https:\/\/api.w.org\/{rel}","templated":true}]}}