{"id":1995,"date":"2026-04-12T13:28:20","date_gmt":"2026-04-12T13:28:20","guid":{"rendered":"https:\/\/malumi.shop\/?page_id=1995"},"modified":"2026-04-12T15:11:16","modified_gmt":"2026-04-12T15:11:16","slug":"psalm-strength","status":"publish","type":"page","link":"https:\/\/malumi.shop\/en\/psalm-strength\/","title":{"rendered":"Psalm Strength"},"content":{"rendered":"<div class=\"wp-block-uagb-container uagb-block-d0b0981a alignfull uagb-is-root-container\"><div class=\"uagb-container-inner-blocks-wrap\"><\/div><\/div>\n\n\n\n<div class=\"wp-block-uagb-advanced-heading uagb-block-6903ccf0\"><h2 class=\"uagb-heading-text\">STRENGTH<br>Psalm 1,1\u20133<\/h2><\/div>\n\n\n\n<div style=\"height:100px\" aria-hidden=\"true\" class=\"wp-block-spacer\"><\/div>\n\n\n\n<div class=\"wp-block-uagb-container uagb-block-9a4bcb84 alignfull uagb-is-root-container\"><div class=\"uagb-container-inner-blocks-wrap\">\n<div class=\"wp-block-uagb-container uagb-block-612ce1c5\">\n<pre class=\"wp-block-verse has-ast-global-color-0-color has-ast-global-color-4-background-color has-text-color has-background has-link-color wp-elements-ebdafe66a53a55827df0a2b577e9d541\" style=\"font-size:18px;font-style:normal;font-weight:300;text-transform:uppercase\">Wohl dem, der nicht einfach allem folgt, nicht jeden Weg mitgeht und sich nicht treiben l\u00e4sst.<br>Sondern der seinen Halt in Gottes Wort findet und darin verwurzelt ist.<br>Er ist wie ein Baum, gepflanzt an Wasserb\u00e4chen, der Frucht bringt zur richtigen Zeit.<br>Seine Bl\u00e4tter verwelken nicht. Und was er tut, hat Bestand.<br><br><strong>Bedeutung<\/strong><br>Psalm 1 spricht \u00fcber innere Stabilit\u00e4t. Nicht Lautst\u00e4rke, nicht Hektik, nicht Mitlaufen \u2013 sondern Verwurzelung. St\u00e4rke wird hier nicht als H\u00e4rte gezeigt, sondern als Standfestigkeit. Wie ein Baum, der nicht deshalb stark ist, weil er laut ist, sondern weil seine Wurzeln tief gehen.<br><strong><br>Was es f\u00fcr dich bedeutet<\/strong><br>Dieser Psalm ist f\u00fcr Momente, in denen zu viele Stimmen gleichzeitig auf dich einreden. Er erinnert dich daran, dass nicht jeder Weg deiner ist. St\u00e4rke heisst nicht, \u00fcberall mitzuhalten. St\u00e4rke heisst manchmal, bewusst ruhig zu bleiben, nicht jedem Trend zu folgen und tief verbunden zu sein mit dem, was dich wirklich tr\u00e4gt.<\/pre>\n<\/div>\n<\/div><\/div>","protected":false},"excerpt":{"rendered":"","protected":false},"author":1,"featured_media":0,"parent":0,"menu_order":0,"comment_status":"closed","ping_status":"closed","template":"","meta":{"om_disable_all_campaigns":false,"_uag_custom_page_level_css":"","_monsterinsights_skip_tracking":false,"_monsterinsights_sitenote_active":false,"_monsterinsights_sitenote_note":"","_monsterinsights_sitenote_category":0,"site-sidebar-layout":"default","site-content-layout":"","ast-site-content-layout":"default","site-content-style":"default","site-sidebar-style":"default","ast-global-header-display":"","ast-banner-title-visibility":"","ast-main-header-display":"","ast-hfb-above-header-display":"","ast-hfb-below-header-display":"","ast-hfb-mobile-header-display":"","site-post-title":"disabled","ast-breadcrumbs-content":"","ast-featured-img":"","footer-sml-layout":"","ast-disable-related-posts":"","theme-transparent-header-meta":"","adv-header-id-meta":"","stick-header-meta":"","header-above-stick-meta":"","header-main-stick-meta":"","header-below-stick-meta":"","astra-migrate-meta-layouts":"set","ast-page-background-enabled":"default","ast-page-background-meta":{"desktop":{"background-color":"var(--ast-global-color-4)","background-image":"","background-repeat":"repeat","background-position":"center center","background-size":"auto","background-attachment":"scroll","background-type":"","background-media":"","overlay-type":"","overlay-color":"","overlay-opacity":"","overlay-gradient":""},"tablet":{"background-color":"","background-image":"","background-repeat":"repeat","background-position":"center center","background-size":"auto","background-attachment":"scroll","background-type":"","background-media":"","overlay-type":"","overlay-color":"","overlay-opacity":"","overlay-gradient":""},"mobile":{"background-color":"","background-image":"","background-repeat":"repeat","background-position":"center center","background-size":"auto","background-attachment":"scroll","background-type":"","background-media":"","overlay-type":"","overlay-color":"","overlay-opacity":"","overlay-gradient":""}},"ast-content-background-meta":{"desktop":{"background-color":"var(--ast-global-color-5)","background-image":"","background-repeat":"repeat","background-position":"center center","background-size":"auto","background-attachment":"scroll","background-type":"","background-media":"","overlay-type":"","overlay-color":"","overlay-opacity":"","overlay-gradient":""},"tablet":{"background-color":"var(--ast-global-color-5)","background-image":"","background-repeat":"repeat","background-position":"center center","background-size":"auto","background-attachment":"scroll","background-type":"","background-media":"","overlay-type":"","overlay-color":"","overlay-opacity":"","overlay-gradient":""},"mobile":{"background-color":"var(--ast-global-color-5)","background-image":"","background-repeat":"repeat","background-position":"center center","background-size":"auto","background-attachment":"scroll","background-type":"","background-media":"","overlay-type":"","overlay-color":"","overlay-opacity":"","overlay-gradient":""}},"footnotes":""},"class_list":["post-1995","page","type-page","status-publish","hentry"],"aioseo_notices":[],"_hostinger_reach_plugin_has_subscription_block":false,"_hostinger_reach_plugin_is_elementor":false,"uagb_featured_image_src":{"full":false,"thumbnail":false,"medium":false,"medium_large":false,"large":false,"1536x1536":false,"2048x2048":false,"trp-custom-language-flag":false,"woocommerce_thumbnail":false,"woocommerce_single":false,"woocommerce_gallery_thumbnail":false},"uagb_author_info":{"display_name":"fleet.susan@icloud.com","author_link":"https:\/\/malumi.shop\/en\/author\/fleet-susanicloud-com\/"},"uagb_comment_info":0,"uagb_excerpt":null,"_links":{"self":[{"href":"https:\/\/malumi.shop\/en\/wp-json\/wp\/v2\/pages\/1995","targetHints":{"allow":["GET"]}}],"collection":[{"href":"https:\/\/malumi.shop\/en\/wp-json\/wp\/v2\/pages"}],"about":[{"href":"https:\/\/malumi.shop\/en\/wp-json\/wp\/v2\/types\/page"}],"author":[{"embeddable":true,"href":"https:\/\/malumi.shop\/en\/wp-json\/wp\/v2\/users\/1"}],"replies":[{"embeddable":true,"href":"https:\/\/malumi.shop\/en\/wp-json\/wp\/v2\/comments?post=1995"}],"version-history":[{"count":2,"href":"https:\/\/malumi.shop\/en\/wp-json\/wp\/v2\/pages\/1995\/revisions"}],"predecessor-version":[{"id":2069,"href":"https:\/\/malumi.shop\/en\/wp-json\/wp\/v2\/pages\/1995\/revisions\/2069"}],"wp:attachment":[{"href":"https:\/\/malumi.shop\/en\/wp-json\/wp\/v2\/media?parent=1995"}],"curies":[{"name":"wp","href":"https:\/\/api.w.org\/{rel}","templated":true}]}}