{"id":1993,"date":"2026-04-12T13:27:50","date_gmt":"2026-04-12T13:27:50","guid":{"rendered":"https:\/\/malumi.shop\/?page_id=1993"},"modified":"2026-04-12T15:19:08","modified_gmt":"2026-04-12T15:19:08","slug":"psalm-healing","status":"publish","type":"page","link":"https:\/\/malumi.shop\/en\/psalm-healing\/","title":{"rendered":"Healing Psalms"},"content":{"rendered":"<div class=\"wp-block-uagb-container uagb-block-d0b0981a alignfull uagb-is-root-container\"><div class=\"uagb-container-inner-blocks-wrap\"><\/div><\/div>\n\n\n\n<div class=\"wp-block-uagb-advanced-heading uagb-block-6903ccf0\"><h2 class=\"uagb-heading-text\">HEALING<br>Psalm 147,3\u20135<\/h2><\/div>\n\n\n\n<div style=\"height:100px\" aria-hidden=\"true\" class=\"wp-block-spacer\"><\/div>\n\n\n\n<div class=\"wp-block-uagb-container uagb-block-9a4bcb84 alignfull uagb-is-root-container\"><div class=\"uagb-container-inner-blocks-wrap\">\n<div class=\"wp-block-uagb-container uagb-block-612ce1c5\">\n<pre class=\"wp-block-verse has-ast-global-color-0-color has-ast-global-color-4-background-color has-text-color has-background has-link-color wp-elements-ba5f61ea69daa9e5cdbf3edd0acf624f\" style=\"font-size:18px;font-style:normal;font-weight:300;text-transform:uppercase\">Er heilt die zerbrochenen Herzen und verbindet ihre Wunden.<br>Er kennt die Sterne und ruft sie alle beim Namen.<br>Gross ist unser Herr und stark an Kraft.<br>Sein Verstand ist unermesslich.<br><br><strong>Bedeutung<\/strong><br>Psalm 147 verbindet zwei Dinge, die stark sind: Gottes Gr\u00f6sse und seine N\u00e4he. Der gleiche Gott, der das Universum kennt, sieht auch gebrochene Herzen. Heilung ist hier nichts Oberfl\u00e4chliches. Es geht nicht um ein schnelles Dar\u00fcberwegkommen, sondern um echte Zuwendung zu dem, was verletzt ist.<br><br><strong>Was es f\u00fcr dich bedeutet<\/strong><br>Dieser Psalm ist f\u00fcr stille Schmerzen, f\u00fcr Entt\u00e4uschung, Trauer, innere M\u00fcdigkeit und alles, was man nach aussen oft nicht sieht. Er erinnert dich daran, dass das, was in dir verletzt ist, nicht zu klein oder zu kompliziert ist. Heilung beginnt oft nicht mit St\u00e4rke, sondern damit, dass du gesehen wirst.<\/pre>\n<\/div>\n<\/div><\/div>","protected":false},"excerpt":{"rendered":"<p>HEALINGPsalm 147,3\u20135 Er heilt die zerbrochenen Herzen und verbindet ihre Wunden.Er kennt die Sterne und ruft sie alle beim Namen.Gross ist unser Herr und stark an Kraft.Sein Verstand ist unermesslich.BedeutungPsalm 147 verbindet zwei Dinge, die stark sind: Gottes Gr\u00f6sse und seine N\u00e4he. Der gleiche Gott, der das Universum kennt, sieht auch gebrochene Herzen. Heilung ist [&hellip;]<\/p>\n","protected":false},"author":1,"featured_media":0,"parent":0,"menu_order":0,"comment_status":"closed","ping_status":"closed","template":"","meta":{"om_disable_all_campaigns":false,"_uag_custom_page_level_css":"","_monsterinsights_skip_tracking":false,"_monsterinsights_sitenote_active":false,"_monsterinsights_sitenote_note":"","_monsterinsights_sitenote_category":0,"site-sidebar-layout":"default","site-content-layout":"","ast-site-content-layout":"default","site-content-style":"default","site-sidebar-style":"default","ast-global-header-display":"","ast-banner-title-visibility":"","ast-main-header-display":"","ast-hfb-above-header-display":"","ast-hfb-below-header-display":"","ast-hfb-mobile-header-display":"","site-post-title":"disabled","ast-breadcrumbs-content":"","ast-featured-img":"","footer-sml-layout":"","ast-disable-related-posts":"","theme-transparent-header-meta":"","adv-header-id-meta":"","stick-header-meta":"","header-above-stick-meta":"","header-main-stick-meta":"","header-below-stick-meta":"","astra-migrate-meta-layouts":"set","ast-page-background-enabled":"default","ast-page-background-meta":{"desktop":{"background-color":"var(--ast-global-color-4)","background-image":"","background-repeat":"repeat","background-position":"center center","background-size":"auto","background-attachment":"scroll","background-type":"","background-media":"","overlay-type":"","overlay-color":"","overlay-opacity":"","overlay-gradient":""},"tablet":{"background-color":"","background-image":"","background-repeat":"repeat","background-position":"center center","background-size":"auto","background-attachment":"scroll","background-type":"","background-media":"","overlay-type":"","overlay-color":"","overlay-opacity":"","overlay-gradient":""},"mobile":{"background-color":"","background-image":"","background-repeat":"repeat","background-position":"center center","background-size":"auto","background-attachment":"scroll","background-type":"","background-media":"","overlay-type":"","overlay-color":"","overlay-opacity":"","overlay-gradient":""}},"ast-content-background-meta":{"desktop":{"background-color":"var(--ast-global-color-5)","background-image":"","background-repeat":"repeat","background-position":"center center","background-size":"auto","background-attachment":"scroll","background-type":"","background-media":"","overlay-type":"","overlay-color":"","overlay-opacity":"","overlay-gradient":""},"tablet":{"background-color":"var(--ast-global-color-5)","background-image":"","background-repeat":"repeat","background-position":"center center","background-size":"auto","background-attachment":"scroll","background-type":"","background-media":"","overlay-type":"","overlay-color":"","overlay-opacity":"","overlay-gradient":""},"mobile":{"background-color":"var(--ast-global-color-5)","background-image":"","background-repeat":"repeat","background-position":"center center","background-size":"auto","background-attachment":"scroll","background-type":"","background-media":"","overlay-type":"","overlay-color":"","overlay-opacity":"","overlay-gradient":""}},"footnotes":""},"class_list":["post-1993","page","type-page","status-publish","hentry"],"aioseo_notices":[],"_hostinger_reach_plugin_has_subscription_block":false,"_hostinger_reach_plugin_is_elementor":false,"uagb_featured_image_src":{"full":false,"thumbnail":false,"medium":false,"medium_large":false,"large":false,"1536x1536":false,"2048x2048":false,"trp-custom-language-flag":false,"woocommerce_thumbnail":false,"woocommerce_single":false,"woocommerce_gallery_thumbnail":false},"uagb_author_info":{"display_name":"fleet.susan@icloud.com","author_link":"https:\/\/malumi.shop\/en\/author\/fleet-susanicloud-com\/"},"uagb_comment_info":0,"uagb_excerpt":"HEALINGPsalm 147,3\u20135 Er heilt die zerbrochenen Herzen und verbindet ihre Wunden.Er kennt die Sterne und ruft sie alle beim Namen.Gross ist unser Herr und stark an Kraft.Sein Verstand ist unermesslich.BedeutungPsalm 147 verbindet zwei Dinge, die stark sind: Gottes Gr\u00f6sse und seine N\u00e4he. Der gleiche Gott, der das Universum kennt, sieht auch gebrochene Herzen. Heilung ist&hellip;","_links":{"self":[{"href":"https:\/\/malumi.shop\/en\/wp-json\/wp\/v2\/pages\/1993","targetHints":{"allow":["GET"]}}],"collection":[{"href":"https:\/\/malumi.shop\/en\/wp-json\/wp\/v2\/pages"}],"about":[{"href":"https:\/\/malumi.shop\/en\/wp-json\/wp\/v2\/types\/page"}],"author":[{"embeddable":true,"href":"https:\/\/malumi.shop\/en\/wp-json\/wp\/v2\/users\/1"}],"replies":[{"embeddable":true,"href":"https:\/\/malumi.shop\/en\/wp-json\/wp\/v2\/comments?post=1993"}],"version-history":[{"count":3,"href":"https:\/\/malumi.shop\/en\/wp-json\/wp\/v2\/pages\/1993\/revisions"}],"predecessor-version":[{"id":2076,"href":"https:\/\/malumi.shop\/en\/wp-json\/wp\/v2\/pages\/1993\/revisions\/2076"}],"wp:attachment":[{"href":"https:\/\/malumi.shop\/en\/wp-json\/wp\/v2\/media?parent=1993"}],"curies":[{"name":"wp","href":"https:\/\/api.w.org\/{rel}","templated":true}]}}