{"id":1991,"date":"2026-04-12T13:27:23","date_gmt":"2026-04-12T13:27:23","guid":{"rendered":"https:\/\/malumi.shop\/?page_id=1991"},"modified":"2026-04-12T14:56:30","modified_gmt":"2026-04-12T14:56:30","slug":"psalm-believer","status":"publish","type":"page","link":"https:\/\/malumi.shop\/en\/psalm-believer\/","title":{"rendered":"Psalm Believer"},"content":{"rendered":"<div class=\"wp-block-uagb-container uagb-block-d0b0981a alignfull uagb-is-root-container\"><div class=\"uagb-container-inner-blocks-wrap\"><\/div><\/div>\n\n\n\n<div class=\"wp-block-uagb-advanced-heading uagb-block-6903ccf0\"><h2 class=\"uagb-heading-text\">BELIEVER<br>Psalm 23,1\u20134<\/h2><\/div>\n\n\n\n<div style=\"height:100px\" aria-hidden=\"true\" class=\"wp-block-spacer\"><\/div>\n\n\n\n<div class=\"wp-block-uagb-container uagb-block-9a4bcb84 alignfull uagb-is-root-container\"><div class=\"uagb-container-inner-blocks-wrap\">\n<div class=\"wp-block-uagb-container uagb-block-612ce1c5\">\n<pre class=\"wp-block-verse has-ast-global-color-0-color has-ast-global-color-4-background-color has-text-color has-background has-link-color wp-elements-7b3c867beaa9668d79cbfeee4d9999b5\" style=\"font-size:18px;font-style:normal;font-weight:300;text-transform:uppercase\">Der Herr ist mein Hirte, mir wird nichts fehlen.<br>Er l\u00e4sst mich lagern auf gr\u00fcnen Wiesen und f\u00fchrt mich zu stillen Wassern.<br>Er erfrischt meine Seele und f\u00fchrt mich auf gute Wege.<br>Und selbst wenn ich durch ein dunkles Tal gehe, f\u00fcrchte ich mich nicht.<br>Denn du bist bei mir. Dein Schutz und deine F\u00fchrung geben mir Halt.<br><br><strong>Bedeutung<\/strong><br>Psalm 23 ist einer der bekanntesten Psalmen, weil er Vertrauen so klar ausdr\u00fcckt. Er spricht von F\u00fchrung, Versorgung, Ruhe und N\u00e4he. Nicht alles ist leicht, und der Psalm verschweigt dunkle T\u00e4ler nicht. Aber genau dort setzt seine Kraft an: Auch durch dunkle Zeiten musst du nicht alleine gehen.<br><br><strong>Was es f\u00fcr dich bedeutet<\/strong><br>Dieser Psalm ist f\u00fcr Tage, an denen du dich fragst, ob du genug bist, ob du es schaffst oder ob jemand dich wirklich f\u00fchrt. Er sagt dir: Du bist nicht vergessen. Du bist nicht f\u00fchrungslos. Und auch wenn du gerade nicht siehst, wie es weitergeht, darfst du darauf vertrauen, dass der n\u00e4chste Schritt trotzdem da ist.<\/pre>\n<\/div>\n<\/div><\/div>","protected":false},"excerpt":{"rendered":"","protected":false},"author":1,"featured_media":0,"parent":0,"menu_order":0,"comment_status":"closed","ping_status":"closed","template":"","meta":{"om_disable_all_campaigns":false,"_uag_custom_page_level_css":"","_monsterinsights_skip_tracking":false,"_monsterinsights_sitenote_active":false,"_monsterinsights_sitenote_note":"","_monsterinsights_sitenote_category":0,"site-sidebar-layout":"default","site-content-layout":"","ast-site-content-layout":"default","site-content-style":"default","site-sidebar-style":"default","ast-global-header-display":"","ast-banner-title-visibility":"","ast-main-header-display":"","ast-hfb-above-header-display":"","ast-hfb-below-header-display":"","ast-hfb-mobile-header-display":"","site-post-title":"disabled","ast-breadcrumbs-content":"","ast-featured-img":"","footer-sml-layout":"","ast-disable-related-posts":"","theme-transparent-header-meta":"","adv-header-id-meta":"","stick-header-meta":"","header-above-stick-meta":"","header-main-stick-meta":"","header-below-stick-meta":"","astra-migrate-meta-layouts":"set","ast-page-background-enabled":"default","ast-page-background-meta":{"desktop":{"background-color":"var(--ast-global-color-4)","background-image":"","background-repeat":"repeat","background-position":"center center","background-size":"auto","background-attachment":"scroll","background-type":"","background-media":"","overlay-type":"","overlay-color":"","overlay-opacity":"","overlay-gradient":""},"tablet":{"background-color":"","background-image":"","background-repeat":"repeat","background-position":"center center","background-size":"auto","background-attachment":"scroll","background-type":"","background-media":"","overlay-type":"","overlay-color":"","overlay-opacity":"","overlay-gradient":""},"mobile":{"background-color":"","background-image":"","background-repeat":"repeat","background-position":"center center","background-size":"auto","background-attachment":"scroll","background-type":"","background-media":"","overlay-type":"","overlay-color":"","overlay-opacity":"","overlay-gradient":""}},"ast-content-background-meta":{"desktop":{"background-color":"var(--ast-global-color-5)","background-image":"","background-repeat":"repeat","background-position":"center center","background-size":"auto","background-attachment":"scroll","background-type":"","background-media":"","overlay-type":"","overlay-color":"","overlay-opacity":"","overlay-gradient":""},"tablet":{"background-color":"var(--ast-global-color-5)","background-image":"","background-repeat":"repeat","background-position":"center center","background-size":"auto","background-attachment":"scroll","background-type":"","background-media":"","overlay-type":"","overlay-color":"","overlay-opacity":"","overlay-gradient":""},"mobile":{"background-color":"var(--ast-global-color-5)","background-image":"","background-repeat":"repeat","background-position":"center center","background-size":"auto","background-attachment":"scroll","background-type":"","background-media":"","overlay-type":"","overlay-color":"","overlay-opacity":"","overlay-gradient":""}},"footnotes":""},"class_list":["post-1991","page","type-page","status-publish","hentry"],"aioseo_notices":[],"_hostinger_reach_plugin_has_subscription_block":false,"_hostinger_reach_plugin_is_elementor":false,"uagb_featured_image_src":{"full":false,"thumbnail":false,"medium":false,"medium_large":false,"large":false,"1536x1536":false,"2048x2048":false,"trp-custom-language-flag":false,"woocommerce_thumbnail":false,"woocommerce_single":false,"woocommerce_gallery_thumbnail":false},"uagb_author_info":{"display_name":"fleet.susan@icloud.com","author_link":"https:\/\/malumi.shop\/en\/author\/fleet-susanicloud-com\/"},"uagb_comment_info":0,"uagb_excerpt":null,"_links":{"self":[{"href":"https:\/\/malumi.shop\/en\/wp-json\/wp\/v2\/pages\/1991","targetHints":{"allow":["GET"]}}],"collection":[{"href":"https:\/\/malumi.shop\/en\/wp-json\/wp\/v2\/pages"}],"about":[{"href":"https:\/\/malumi.shop\/en\/wp-json\/wp\/v2\/types\/page"}],"author":[{"embeddable":true,"href":"https:\/\/malumi.shop\/en\/wp-json\/wp\/v2\/users\/1"}],"replies":[{"embeddable":true,"href":"https:\/\/malumi.shop\/en\/wp-json\/wp\/v2\/comments?post=1991"}],"version-history":[{"count":4,"href":"https:\/\/malumi.shop\/en\/wp-json\/wp\/v2\/pages\/1991\/revisions"}],"predecessor-version":[{"id":2064,"href":"https:\/\/malumi.shop\/en\/wp-json\/wp\/v2\/pages\/1991\/revisions\/2064"}],"wp:attachment":[{"href":"https:\/\/malumi.shop\/en\/wp-json\/wp\/v2\/media?parent=1991"}],"curies":[{"name":"wp","href":"https:\/\/api.w.org\/{rel}","templated":true}]}}