{"id":1987,"date":"2026-04-12T13:25:01","date_gmt":"2026-04-12T13:25:01","guid":{"rendered":"https:\/\/malumi.shop\/?page_id=1987"},"modified":"2026-04-12T15:21:11","modified_gmt":"2026-04-12T15:21:11","slug":"psalm-protected","status":"publish","type":"page","link":"https:\/\/malumi.shop\/en\/psalm-protected\/","title":{"rendered":"Psalm protected"},"content":{"rendered":"<div class=\"wp-block-uagb-container uagb-block-d0b0981a alignfull uagb-is-root-container\"><div class=\"uagb-container-inner-blocks-wrap\"><\/div><\/div>\n\n\n\n<div class=\"wp-block-uagb-advanced-heading uagb-block-6903ccf0\"><h2 class=\"uagb-heading-text\">PROTECTED<br>Psalm 91,1\u20134.11\u201312<\/h2><\/div>\n\n\n\n<div style=\"height:100px\" aria-hidden=\"true\" class=\"wp-block-spacer\"><\/div>\n\n\n\n<div class=\"wp-block-uagb-container uagb-block-9a4bcb84 alignfull uagb-is-root-container\"><div class=\"uagb-container-inner-blocks-wrap\">\n<div class=\"wp-block-uagb-container uagb-block-612ce1c5\">\n<pre class=\"wp-block-verse has-ast-global-color-0-color has-ast-global-color-4-background-color has-text-color has-background has-link-color wp-elements-6046d3b6f555b313bbb45e9f4008e8ee\" style=\"font-size:18px;font-style:normal;font-weight:300;text-transform:uppercase\">Wer unter dem Schutz des H\u00f6chsten lebt, darf Ruhe finden im Schatten des Allm\u00e4chtigen.<br>Er ist Zuflucht, Schutzraum und sichere Burg.<br>Er deckt dich mit seinen Fl\u00fcgeln, und unter seinem Schutz findest du Geborgenheit.<br>Seine Treue ist Schild und Schutz.<br>Denn er befiehlt seinen Engeln, dich zu beh\u00fcten auf allen deinen Wegen.<br>Sie tragen dich, damit du nicht f\u00e4llst.<br><br><strong>Bedeutung<\/strong><br>Psalm 91 ist einer der st\u00e4rksten Schutzpsalmen. Er spricht von Sicherheit, Geborgenheit und Bewahrung. Dabei geht es nicht um ein Leben ohne Schwierigkeiten, sondern um die Zusage, dass du nicht schutzlos bist. Schutz bedeutet hier: Du bist nicht allein ausgeliefert. Es gibt einen Ort der Ruhe, auch wenn draussen Chaos ist.<br><br><strong>Was es f\u00fcr dich bedeutet<\/strong><br>Wenn du dich verletzlich, \u00fcberfordert oder unsicher f\u00fchlst, spricht dieser Psalm direkt in genau diesen Zustand. Er erinnert dich daran, dass Schutz nicht immer heisst, dass nichts passiert. Manchmal heisst Schutz, dass du getragen wirst, auch wenn du es gerade kaum merkst. Du musst nicht alles alleine stemmen.<\/pre>\n<\/div>\n<\/div><\/div>","protected":false},"excerpt":{"rendered":"<p>PROTECTEDPsalm 91,1\u20134.11\u201312 Wer unter dem Schutz des H\u00f6chsten lebt, darf Ruhe finden im Schatten des Allm\u00e4chtigen.Er ist Zuflucht, Schutzraum und sichere Burg.Er deckt dich mit seinen Fl\u00fcgeln, und unter seinem Schutz findest du Geborgenheit.Seine Treue ist Schild und Schutz.Denn er befiehlt seinen Engeln, dich zu beh\u00fcten auf allen deinen Wegen.Sie tragen dich, damit du nicht [&hellip;]<\/p>\n","protected":false},"author":1,"featured_media":0,"parent":0,"menu_order":0,"comment_status":"closed","ping_status":"closed","template":"","meta":{"om_disable_all_campaigns":false,"_uag_custom_page_level_css":"","_monsterinsights_skip_tracking":false,"_monsterinsights_sitenote_active":false,"_monsterinsights_sitenote_note":"","_monsterinsights_sitenote_category":0,"site-sidebar-layout":"default","site-content-layout":"","ast-site-content-layout":"default","site-content-style":"default","site-sidebar-style":"default","ast-global-header-display":"","ast-banner-title-visibility":"","ast-main-header-display":"","ast-hfb-above-header-display":"","ast-hfb-below-header-display":"","ast-hfb-mobile-header-display":"","site-post-title":"disabled","ast-breadcrumbs-content":"","ast-featured-img":"","footer-sml-layout":"","ast-disable-related-posts":"","theme-transparent-header-meta":"","adv-header-id-meta":"","stick-header-meta":"","header-above-stick-meta":"","header-main-stick-meta":"","header-below-stick-meta":"","astra-migrate-meta-layouts":"set","ast-page-background-enabled":"default","ast-page-background-meta":{"desktop":{"background-color":"var(--ast-global-color-4)","background-image":"","background-repeat":"repeat","background-position":"center center","background-size":"auto","background-attachment":"scroll","background-type":"","background-media":"","overlay-type":"","overlay-color":"","overlay-opacity":"","overlay-gradient":""},"tablet":{"background-color":"","background-image":"","background-repeat":"repeat","background-position":"center center","background-size":"auto","background-attachment":"scroll","background-type":"","background-media":"","overlay-type":"","overlay-color":"","overlay-opacity":"","overlay-gradient":""},"mobile":{"background-color":"","background-image":"","background-repeat":"repeat","background-position":"center center","background-size":"auto","background-attachment":"scroll","background-type":"","background-media":"","overlay-type":"","overlay-color":"","overlay-opacity":"","overlay-gradient":""}},"ast-content-background-meta":{"desktop":{"background-color":"var(--ast-global-color-5)","background-image":"","background-repeat":"repeat","background-position":"center center","background-size":"auto","background-attachment":"scroll","background-type":"","background-media":"","overlay-type":"","overlay-color":"","overlay-opacity":"","overlay-gradient":""},"tablet":{"background-color":"var(--ast-global-color-5)","background-image":"","background-repeat":"repeat","background-position":"center center","background-size":"auto","background-attachment":"scroll","background-type":"","background-media":"","overlay-type":"","overlay-color":"","overlay-opacity":"","overlay-gradient":""},"mobile":{"background-color":"var(--ast-global-color-5)","background-image":"","background-repeat":"repeat","background-position":"center center","background-size":"auto","background-attachment":"scroll","background-type":"","background-media":"","overlay-type":"","overlay-color":"","overlay-opacity":"","overlay-gradient":""}},"footnotes":""},"class_list":["post-1987","page","type-page","status-publish","hentry"],"aioseo_notices":[],"_hostinger_reach_plugin_has_subscription_block":false,"_hostinger_reach_plugin_is_elementor":false,"uagb_featured_image_src":{"full":false,"thumbnail":false,"medium":false,"medium_large":false,"large":false,"1536x1536":false,"2048x2048":false,"trp-custom-language-flag":false,"woocommerce_thumbnail":false,"woocommerce_single":false,"woocommerce_gallery_thumbnail":false},"uagb_author_info":{"display_name":"fleet.susan@icloud.com","author_link":"https:\/\/malumi.shop\/en\/author\/fleet-susanicloud-com\/"},"uagb_comment_info":0,"uagb_excerpt":"PROTECTEDPsalm 91,1\u20134.11\u201312 Wer unter dem Schutz des H\u00f6chsten lebt, darf Ruhe finden im Schatten des Allm\u00e4chtigen.Er ist Zuflucht, Schutzraum und sichere Burg.Er deckt dich mit seinen Fl\u00fcgeln, und unter seinem Schutz findest du Geborgenheit.Seine Treue ist Schild und Schutz.Denn er befiehlt seinen Engeln, dich zu beh\u00fcten auf allen deinen Wegen.Sie tragen dich, damit du nicht&hellip;","_links":{"self":[{"href":"https:\/\/malumi.shop\/en\/wp-json\/wp\/v2\/pages\/1987","targetHints":{"allow":["GET"]}}],"collection":[{"href":"https:\/\/malumi.shop\/en\/wp-json\/wp\/v2\/pages"}],"about":[{"href":"https:\/\/malumi.shop\/en\/wp-json\/wp\/v2\/types\/page"}],"author":[{"embeddable":true,"href":"https:\/\/malumi.shop\/en\/wp-json\/wp\/v2\/users\/1"}],"replies":[{"embeddable":true,"href":"https:\/\/malumi.shop\/en\/wp-json\/wp\/v2\/comments?post=1987"}],"version-history":[{"count":4,"href":"https:\/\/malumi.shop\/en\/wp-json\/wp\/v2\/pages\/1987\/revisions"}],"predecessor-version":[{"id":2078,"href":"https:\/\/malumi.shop\/en\/wp-json\/wp\/v2\/pages\/1987\/revisions\/2078"}],"wp:attachment":[{"href":"https:\/\/malumi.shop\/en\/wp-json\/wp\/v2\/media?parent=1987"}],"curies":[{"name":"wp","href":"https:\/\/api.w.org\/{rel}","templated":true}]}}