{"id":1868,"date":"2026-04-12T09:45:45","date_gmt":"2026-04-12T09:45:45","guid":{"rendered":"https:\/\/malumi.shop\/?page_id=1868"},"modified":"2026-04-18T09:26:41","modified_gmt":"2026-04-18T09:26:41","slug":"impressum","status":"publish","type":"page","link":"https:\/\/malumi.shop\/en\/impressum\/","title":{"rendered":"Imprint"},"content":{"rendered":"<p><strong>Verantwortlich f\u00fcr den Inhalt dieser Website:<\/strong><br>DOB \u2013 Digital Online Business<br>Susan Fleet<br>c\/o IP-Management #7023<\/p>\n\n\n\n<p>Ludwig-Erhard-Str. 18<br>20459 Hamburg<\/p>\n\n\n\n<p>E-Mail:\u00a0<a href=\"mailto:info@malumi.shop\" title=\"\">info@malumi.shop<\/a><br>Unternehmens-Identifikationsnummer (UID): CHE-227.785.116<\/p>\n\n\n\n<p><strong>Haftungsausschluss:<\/strong><br>Alle Inhalte dieser Website wurden mit gr\u00f6\u00dfter Sorgfalt erstellt. Dennoch \u00fcbernehmen wir keine Gew\u00e4hr f\u00fcr die Richtigkeit, Vollst\u00e4ndigkeit und Aktualit\u00e4t der Inhalte. Haftungsanspr\u00fcche gegen die Anbieterin wegen Sch\u00e4den materieller oder immaterieller Art, die durch die Nutzung oder Nichtnutzung der dargebotenen Informationen entstehen, sind ausgeschlossen.<\/p>\n\n\n\n<p><strong>Urheberrechte:<\/strong><br>Alle Inhalte (Texte, Bilder, Grafiken, Designs) auf dieser Website sind urheberrechtlich gesch\u00fctzt. Eine Verwendung ohne ausdr\u00fcckliche Zustimmung ist nicht gestattet.<\/p>\n\n\n\n<p><strong>Hinweis zur Online-Streitbeilegung:<\/strong><br>Die EU-Kommission stellt eine Plattform f\u00fcr au\u00dfergerichtliche Online-Streitbeilegung bereit:&nbsp;<a class=\"\" href=\"https:\/\/ec.europa.eu\/consumers\/odr\" target=\"_blank\" rel=\"noreferrer noopener\">https:\/\/ec.europa.eu\/consumers\/odr<\/a><br>Wir sind nicht verpflichtet und nicht bereit, an Streitbeilegungsverfahren vor einer Verbraucherschlichtungsstelle teilzunehmen.<\/p>","protected":false},"excerpt":{"rendered":"<p>Verantwortlich f\u00fcr den Inhalt dieser Website:DOB \u2013 Digital Online BusinessSusan Fleetc\/o IP-Management #7023 Ludwig-Erhard-Str. 1820459 Hamburg E-Mail:\u00a0info@malumi.shopUnternehmens-Identifikationsnummer (UID): CHE-227.785.116 Haftungsausschluss:Alle Inhalte dieser Website wurden mit gr\u00f6\u00dfter Sorgfalt erstellt. Dennoch \u00fcbernehmen wir keine Gew\u00e4hr f\u00fcr die Richtigkeit, Vollst\u00e4ndigkeit und Aktualit\u00e4t der Inhalte. Haftungsanspr\u00fcche gegen die Anbieterin wegen Sch\u00e4den materieller oder immaterieller Art, die durch die Nutzung [&hellip;]<\/p>\n","protected":false},"author":1,"featured_media":0,"parent":0,"menu_order":0,"comment_status":"closed","ping_status":"closed","template":"","meta":{"om_disable_all_campaigns":false,"_uag_custom_page_level_css":"","_monsterinsights_skip_tracking":false,"_monsterinsights_sitenote_active":false,"_monsterinsights_sitenote_note":"","_monsterinsights_sitenote_category":0,"site-sidebar-layout":"default","site-content-layout":"","ast-site-content-layout":"default","site-content-style":"default","site-sidebar-style":"default","ast-global-header-display":"","ast-banner-title-visibility":"","ast-main-header-display":"","ast-hfb-above-header-display":"","ast-hfb-below-header-display":"","ast-hfb-mobile-header-display":"","site-post-title":"","ast-breadcrumbs-content":"","ast-featured-img":"","footer-sml-layout":"","ast-disable-related-posts":"","theme-transparent-header-meta":"","adv-header-id-meta":"","stick-header-meta":"","header-above-stick-meta":"","header-main-stick-meta":"","header-below-stick-meta":"","astra-migrate-meta-layouts":"set","ast-page-background-enabled":"default","ast-page-background-meta":{"desktop":{"background-color":"var(--ast-global-color-4)","background-image":"","background-repeat":"repeat","background-position":"center center","background-size":"auto","background-attachment":"scroll","background-type":"","background-media":"","overlay-type":"","overlay-color":"","overlay-opacity":"","overlay-gradient":""},"tablet":{"background-color":"","background-image":"","background-repeat":"repeat","background-position":"center center","background-size":"auto","background-attachment":"scroll","background-type":"","background-media":"","overlay-type":"","overlay-color":"","overlay-opacity":"","overlay-gradient":""},"mobile":{"background-color":"","background-image":"","background-repeat":"repeat","background-position":"center center","background-size":"auto","background-attachment":"scroll","background-type":"","background-media":"","overlay-type":"","overlay-color":"","overlay-opacity":"","overlay-gradient":""}},"ast-content-background-meta":{"desktop":{"background-color":"var(--ast-global-color-5)","background-image":"","background-repeat":"repeat","background-position":"center center","background-size":"auto","background-attachment":"scroll","background-type":"","background-media":"","overlay-type":"","overlay-color":"","overlay-opacity":"","overlay-gradient":""},"tablet":{"background-color":"var(--ast-global-color-5)","background-image":"","background-repeat":"repeat","background-position":"center center","background-size":"auto","background-attachment":"scroll","background-type":"","background-media":"","overlay-type":"","overlay-color":"","overlay-opacity":"","overlay-gradient":""},"mobile":{"background-color":"var(--ast-global-color-5)","background-image":"","background-repeat":"repeat","background-position":"center center","background-size":"auto","background-attachment":"scroll","background-type":"","background-media":"","overlay-type":"","overlay-color":"","overlay-opacity":"","overlay-gradient":""}},"footnotes":""},"class_list":["post-1868","page","type-page","status-publish","hentry"],"aioseo_notices":[],"_hostinger_reach_plugin_has_subscription_block":false,"_hostinger_reach_plugin_is_elementor":false,"uagb_featured_image_src":{"full":false,"thumbnail":false,"medium":false,"medium_large":false,"large":false,"1536x1536":false,"2048x2048":false,"trp-custom-language-flag":false,"woocommerce_thumbnail":false,"woocommerce_single":false,"woocommerce_gallery_thumbnail":false},"uagb_author_info":{"display_name":"fleet.susan@icloud.com","author_link":"https:\/\/malumi.shop\/en\/author\/fleet-susanicloud-com\/"},"uagb_comment_info":0,"uagb_excerpt":"Verantwortlich f\u00fcr den Inhalt dieser Website:DOB \u2013 Digital Online BusinessSusan Fleetc\/o IP-Management #7023 Ludwig-Erhard-Str. 1820459 Hamburg E-Mail:\u00a0info@malumi.shopUnternehmens-Identifikationsnummer (UID): CHE-227.785.116 Haftungsausschluss:Alle Inhalte dieser Website wurden mit gr\u00f6\u00dfter Sorgfalt erstellt. Dennoch \u00fcbernehmen wir keine Gew\u00e4hr f\u00fcr die Richtigkeit, Vollst\u00e4ndigkeit und Aktualit\u00e4t der Inhalte. Haftungsanspr\u00fcche gegen die Anbieterin wegen Sch\u00e4den materieller oder immaterieller Art, die durch die Nutzung&hellip;","_links":{"self":[{"href":"https:\/\/malumi.shop\/en\/wp-json\/wp\/v2\/pages\/1868","targetHints":{"allow":["GET"]}}],"collection":[{"href":"https:\/\/malumi.shop\/en\/wp-json\/wp\/v2\/pages"}],"about":[{"href":"https:\/\/malumi.shop\/en\/wp-json\/wp\/v2\/types\/page"}],"author":[{"embeddable":true,"href":"https:\/\/malumi.shop\/en\/wp-json\/wp\/v2\/users\/1"}],"replies":[{"embeddable":true,"href":"https:\/\/malumi.shop\/en\/wp-json\/wp\/v2\/comments?post=1868"}],"version-history":[{"count":4,"href":"https:\/\/malumi.shop\/en\/wp-json\/wp\/v2\/pages\/1868\/revisions"}],"predecessor-version":[{"id":2937,"href":"https:\/\/malumi.shop\/en\/wp-json\/wp\/v2\/pages\/1868\/revisions\/2937"}],"wp:attachment":[{"href":"https:\/\/malumi.shop\/en\/wp-json\/wp\/v2\/media?parent=1868"}],"curies":[{"name":"wp","href":"https:\/\/api.w.org\/{rel}","templated":true}]}}